{"id":10,"date":"2013-08-21T19:51:22","date_gmt":"2013-08-21T19:51:22","guid":{"rendered":"http:\/\/weight-watching-walde.de\/?page_id=10"},"modified":"2014-03-12T13:40:04","modified_gmt":"2014-03-12T13:40:04","slug":"feedback","status":"publish","type":"page","link":"http:\/\/weight-watching-walde.de\/?page_id=10","title":{"rendered":"Feedback"},"content":{"rendered":"<p><strong>Ich werde meine Coaching-Leistungen hier nicht weiter bewerben, denn ich arbeite ausschlie\u00dflich auf der Basis pers\u00f6nlicher Empfehlungen meiner ehemaligen Coachees.<\/strong><\/p>\n<p><strong>Ich freue mich dennoch, folgende kurze Geschichte mit dankenswerter Zustimmung eines meiner Coachees aus dem Jahre 2010 ver\u00f6ffentlichen zu d\u00fcrfen:<\/strong><\/p>\n<p><strong>================================================================================<\/strong><\/p>\n<p><strong>&#8222;Wir schreiben das Jahr 2008. Ich bin 46 Jahre alt, m\u00e4nnlich, und dick !<\/strong><\/p>\n<p><strong>Sehr dick, eher fett ! 118 kg Schwergewicht bei 1,80m K\u00f6rpergr\u00f6\u00dfe, das ist Fettsucht (Adipositas) Grad\u00a0II ! Das ist bereits krankhaft fett und geh\u00f6rt eigentlich in \u00e4rztliche Behandlung.<\/strong><\/p>\n<p><strong>Meine Stimmungslage ist im permanenten Wechsel zwischen &#8222;Du musst was tun!&#8220; und &#8222;Egal, nicht jetzt. Wof\u00fcr denn ? F\u00fcr wen denn ? &#8230;und vor allem: WIE denn ?&#8220;<\/strong><\/p>\n<p><strong>Die einfachsten T\u00e4tigkeiten wie Treppensteigen und Schuhe zubinden gelingen mir nur noch mit Anstrengung und hochrotem Kopf. In diesem Zustand lebe ich die vergangenen letzten 10 Jahre, immer im Wechselbad der Gef\u00fchle zwischen mangelndem Selbstwertgef\u00fchl und dem letzten F\u00fcnkchen Disziplin, mein Leben gewichtsm\u00e4\u00dfig wieder in den Griff bekommen zu wollen. Denn ich hatte es in diesen 10 Jahren ja auch immerhin dreimal geschafft, mit Heilfasten in k\u00fcrzester Zeit massiv abzunehmen, z.B. 14 Kilogramm in 6 Wochen. Dass ich danach auch wieder mehr als 14 Kilo zugenommen hatte, und jedes Mal von h\u00f6herem Niveau gestartet bin, muss ich ja nicht erz\u00e4hlen \ud83d\ude09<\/strong><\/p>\n<p><strong>Heute bin ich nicht nur 2 Jahre \u00e4lter geworden, sondern habe mein Gewicht um 38 kg auf 80 kg Gewicht reduziert, seitdem gehalten und habe wieder Selbstvertrauen und Lebensfreude zur\u00fcckerlangt ! An dieser Stelle gilt mein gro\u00dfer Dank Herrn Walde, denn dank seines Coachings f\u00fchle ich mich endlich wieder rundum wohl in meiner Haut !&#8220;<\/strong><\/p>\n<p><strong>==================================================================================<\/strong><\/p>\n<p><strong>Vielleicht fragen Sie sich jetzt: &#8222;Wie hat er das geschafft ?&#8220;<\/strong><\/p>\n<p><strong>Das Wichtigste, das Sie zum Abnehmen brauchen, ist der WILLE, es JETZT zu beginnen ! Wenn Sie sich dazu entschlossen haben, kann ich Ihnen als Trainer, Coach und Motivator helfen !<\/strong><\/p>\n<p><strong>Wenn ich Ihr Interesse geweckt habe, k\u00f6nnen Sie sich im Download-Bereich \u00fcber die wesentlichen Merkmale meines Teachings\/Consultings\/Coachings informieren. Vereinbaren Sie gerne einen Termin f\u00fcr ein pers\u00f6nliches Erstgespr\u00e4ch unter dem Punkt &lt;Anmeldung&gt;.<\/strong><\/p>\n<p><strong>Ich ermutige Sie, an Ihrer Gesundheit zu arbeiten, seien Sie sich es wert !<\/strong><\/p>\n<p><strong>&#8222;Mens sana in corpore sano !&#8220;<\/strong><\/p>\n<p><strong>Dirk Walde<\/strong><\/p>\n","protected":false},"excerpt":{"rendered":"<p>Ich werde meine Coaching-Leistungen hier nicht weiter bewerben, denn ich arbeite ausschlie\u00dflich auf der Basis pers\u00f6nlicher Empfehlungen meiner ehemaligen Coachees. Ich freue mich dennoch, folgende kurze Geschichte mit dankenswerter Zustimmung eines meiner Coachees aus dem Jahre 2010 ver\u00f6ffentlichen zu d\u00fcrfen: &hellip; <a href=\"http:\/\/weight-watching-walde.de\/?page_id=10\">Weiterlesen <span class=\"meta-nav\">&rarr;<\/span><\/a><\/p>\n","protected":false},"author":1,"featured_media":0,"parent":0,"menu_order":0,"comment_status":"open","ping_status":"open","template":"","meta":{"footnotes":""},"class_list":["post-10","page","type-page","status-publish","hentry"],"aioseo_notices":[],"_links":{"self":[{"href":"http:\/\/weight-watching-walde.de\/index.php?rest_route=\/wp\/v2\/pages\/10","targetHints":{"allow":["GET"]}}],"collection":[{"href":"http:\/\/weight-watching-walde.de\/index.php?rest_route=\/wp\/v2\/pages"}],"about":[{"href":"http:\/\/weight-watching-walde.de\/index.php?rest_route=\/wp\/v2\/types\/page"}],"author":[{"embeddable":true,"href":"http:\/\/weight-watching-walde.de\/index.php?rest_route=\/wp\/v2\/users\/1"}],"replies":[{"embeddable":true,"href":"http:\/\/weight-watching-walde.de\/index.php?rest_route=%2Fwp%2Fv2%2Fcomments&post=10"}],"version-history":[{"count":4,"href":"http:\/\/weight-watching-walde.de\/index.php?rest_route=\/wp\/v2\/pages\/10\/revisions"}],"predecessor-version":[{"id":101,"href":"http:\/\/weight-watching-walde.de\/index.php?rest_route=\/wp\/v2\/pages\/10\/revisions\/101"}],"wp:attachment":[{"href":"http:\/\/weight-watching-walde.de\/index.php?rest_route=%2Fwp%2Fv2%2Fmedia&parent=10"}],"curies":[{"name":"wp","href":"https:\/\/api.w.org\/{rel}","templated":true}]}}