{"id":18,"date":"2013-08-21T19:56:24","date_gmt":"2013-08-21T19:56:24","guid":{"rendered":"http:\/\/weight-watching-walde.de\/?page_id=18"},"modified":"2014-03-12T13:38:50","modified_gmt":"2014-03-12T13:38:50","slug":"anmeldung","status":"publish","type":"page","link":"http:\/\/weight-watching-walde.de\/?page_id=18","title":{"rendered":"Anmeldung"},"content":{"rendered":"<h3><span style=\"color: #003366;\"><strong>Verbindliche Anmeldung zum Erstgespr\u00e4ch<\/strong> <\/span><\/h3>\n<p><strong>Bitte schauen Sie sich zuerst im Downloadbereich die W3_Coaching-Pr\u00e4sentation an, um zu erfahren, wie das &#8222;Weight-Watching&#8220; als wesentlicher Bestandteil des Teaching\/Consulting &amp; Coaching-Prozesses abl\u00e4uft.<\/strong><\/p>\n<p style=\"text-align: left;\"><strong>Inhalt des Initialgespr\u00e4ches:<\/strong><\/p>\n<ul>\n<li><strong>Analyse: Was k\u00f6nnen die Gr\u00fcnde f\u00fcr Ihre \u00fcberfl\u00fcssigen Pfunde sein ?<\/strong><\/li>\n<li><strong>Zieldefinition: Was wollen Sie erreichen ? 10kg, 20kg oder sogar 30kg Fett abnehmen ?\u00a0 Fit und gesund leben ? Gl\u00fccklich und zufrieden mit Ihrem K\u00f6rper werden ?<\/strong><\/li>\n<li><strong>Aufkl\u00e4rung: Was sind die Stellschrauben f\u00fcr eine nachhaltige Gewichtsreduktion?<\/strong><\/li>\n<li><strong>Basisinfomationen \u00fcber Ern\u00e4hrungsirrt\u00fcmer und gesundheitsf\u00f6rdernde Lebensmittel<\/strong><\/li>\n<li><strong>Definition meiner zu erbringenden Leistung: Art und Weise sowie Umfang des Personal Trainings \/ Coachings<\/strong><\/li>\n<li><strong>Honorarvereinbarung: Was ist Ihnen der Weg zum Ziel, wieder gesund und fit zu leben,\u00a0 wert ?<\/strong><\/li>\n<\/ul>\n<p><span style=\"color: red;\"><strong> Die Kosten von 50.- \u20ac f\u00fcr das Erstgespr\u00e4ch (inkl. 20seitiger Info-Brosch\u00fcre) werden bei anschlie\u00dfendem Coachingauftrag verrechnet.<\/strong> <\/span><\/p>\n<p><strong>Bei Interesse an meiner Kontaktaufnahme und Terminvereinbarung schicken Sie bitte eine kurze Email an: dw@weight-watching-walde.de oder gehen Sie in den Men\u00fcpunkt &lt;Kontakt&gt; und schreiben Sie einen Beitrag.<\/strong><b><br \/>\n<\/b><\/p>\n","protected":false},"excerpt":{"rendered":"<p>Verbindliche Anmeldung zum Erstgespr\u00e4ch Bitte schauen Sie sich zuerst im Downloadbereich die W3_Coaching-Pr\u00e4sentation an, um zu erfahren, wie das &#8222;Weight-Watching&#8220; als wesentlicher Bestandteil des Teaching\/Consulting &amp; Coaching-Prozesses abl\u00e4uft. Inhalt des Initialgespr\u00e4ches: Analyse: Was k\u00f6nnen die Gr\u00fcnde f\u00fcr Ihre \u00fcberfl\u00fcssigen Pfunde &hellip; <a href=\"http:\/\/weight-watching-walde.de\/?page_id=18\">Weiterlesen <span class=\"meta-nav\">&rarr;<\/span><\/a><\/p>\n","protected":false},"author":1,"featured_media":0,"parent":0,"menu_order":0,"comment_status":"closed","ping_status":"closed","template":"","meta":{"footnotes":""},"class_list":["post-18","page","type-page","status-publish","hentry"],"aioseo_notices":[],"_links":{"self":[{"href":"http:\/\/weight-watching-walde.de\/index.php?rest_route=\/wp\/v2\/pages\/18","targetHints":{"allow":["GET"]}}],"collection":[{"href":"http:\/\/weight-watching-walde.de\/index.php?rest_route=\/wp\/v2\/pages"}],"about":[{"href":"http:\/\/weight-watching-walde.de\/index.php?rest_route=\/wp\/v2\/types\/page"}],"author":[{"embeddable":true,"href":"http:\/\/weight-watching-walde.de\/index.php?rest_route=\/wp\/v2\/users\/1"}],"replies":[{"embeddable":true,"href":"http:\/\/weight-watching-walde.de\/index.php?rest_route=%2Fwp%2Fv2%2Fcomments&post=18"}],"version-history":[{"count":5,"href":"http:\/\/weight-watching-walde.de\/index.php?rest_route=\/wp\/v2\/pages\/18\/revisions"}],"predecessor-version":[{"id":98,"href":"http:\/\/weight-watching-walde.de\/index.php?rest_route=\/wp\/v2\/pages\/18\/revisions\/98"}],"wp:attachment":[{"href":"http:\/\/weight-watching-walde.de\/index.php?rest_route=%2Fwp%2Fv2%2Fmedia&parent=18"}],"curies":[{"name":"wp","href":"https:\/\/api.w.org\/{rel}","templated":true}]}}